{"id":96,"date":"2025-12-04T14:04:44","date_gmt":"2025-12-04T12:04:44","guid":{"rendered":"https:\/\/xoraturikan.eus\/servicios-y-experiencias\/"},"modified":"2025-12-15T14:47:55","modified_gmt":"2025-12-15T12:47:55","slug":"servicios","status":"publish","type":"page","link":"https:\/\/xoraturikan.eus\/es\/servicios\/","title":{"rendered":"Servicios y experiencias"},"content":{"rendered":"\n<div class=\"wp-block-columns is-layout-flex wp-container-core-columns-is-layout-9d6595d7 wp-block-columns-is-layout-flex\">\n<div class=\"wp-block-column is-layout-flow wp-block-column-is-layout-flow\" style=\"flex-basis:25%\"><\/div>\n\n\n\n<div class=\"wp-block-column is-layout-flow wp-block-column-is-layout-flow\" style=\"flex-basis:50%\">\n<div class=\"section-title title-barrukoa\">\n<div class=\"title-box\">\n<h2>Servicios<\/h2>\n<\/div>\n<\/div>\n\n\n\n<p><strong>Realizamos trabajos de asesor\u00eda, gabinete de prensa y periodismo, siendo la Comunicaci\u00f3n y la asesor\u00eda de marca la base de nuestros servicios.<\/strong><\/p>\n\n\n\n<p>Entendemos la comunicaci\u00f3n como una herramienta global al servicio de los objetivos de empresas e instituciones. Hoy en d\u00eda la comunicaci\u00f3n tiene una importancia vital a la hora de alcanzar los objetivos de una organizaci\u00f3n o empresa, y la marca tiene cada vez m\u00e1s peso entre sus activos. Por ello, creemos que la comunicaci\u00f3n debe dejar de lado el aislamiento y la improvisaci\u00f3n y estar al servicio de la estrategia general de la organizaci\u00f3n. \u00bfQu\u00e9 aspecto tiene su empresa u organizaci\u00f3n? \u00bfC\u00f3mo habla? \u00bfCon qu\u00e9 caracter\u00edsticas la relacionamos? \u00bfCu\u00e1l es la opini\u00f3n de los diferentes p\u00fablicos sobre ella? \u00bfQu\u00e9 dicen los medios de comunicaci\u00f3n? \u00bfLas redes? Trabajamos la visi\u00f3n global de la comunicaci\u00f3n: marca, impacto y reputaci\u00f3n, presencia en internet, identidad visual, comunicaci\u00f3n interna, presencia en medios&#8230; Nos sentamos con el cliente, realizamos un diagn\u00f3stico de la situaci\u00f3n y ayudamos a dise\u00f1ar y facilitar una estrategia de comunicaci\u00f3n que estar\u00e1 al servicio de la estrategia general. Hecho a medida, que tiene en cuenta las caracter\u00edsticas propias y los recursos de cada proyecto y cliente, realista y eficaz.<\/p>\n<\/div>\n\n\n\n<div class=\"wp-block-column is-layout-flow wp-block-column-is-layout-flow\" style=\"flex-basis:25%\"><\/div>\n<\/div>\n\n<ul class=\"services-list\">\n    <li><span class=\"gris-iluna\">Comunicaci\u00f3n web<\/span> &#8211; <span class=\"red\">Dise\u00f1o<\/span> &#8211; <span class=\"gris-iluna\">Producci\u00f3n multimedia<\/span><\/li>\n    <li><span class=\"red\">Gabinete de prensa<\/span> &#8211; <span class=\"gris-iluna\">Eventos<\/span> &#8211; <span class=\"red\">Servicios de comunicaci\u00f3n<\/span><\/li>\n  <\/ul>\n\n<p><\/p>\n","protected":false},"excerpt":{"rendered":"<p>Servicios Realizamos trabajos de asesor\u00eda, gabinete de prensa y periodismo, siendo la Comunicaci\u00f3n y la asesor\u00eda de marca la base de nuestros servicios. Entendemos la comunicaci\u00f3n como una herramienta global al servicio de los objetivos de empresas e instituciones. Hoy en d\u00eda la comunicaci\u00f3n tiene una importancia vital a la hora de alcanzar los objetivos [&hellip;]<\/p>\n","protected":false},"author":1,"featured_media":97,"parent":0,"menu_order":0,"comment_status":"closed","ping_status":"closed","template":"template-zerbitzuak.php","meta":{"_acf_changed":false,"footnotes":""},"class_list":["post-96","page","type-page","status-publish","has-post-thumbnail","hentry"],"acf":[],"yoast_head":"<!-- This site is optimized with the Yoast SEO plugin v27.0 - https:\/\/yoast.com\/product\/yoast-seo-wordpress\/ -->\n<title>Servicios y experiencias - Xoraturikan<\/title>\n<meta name=\"robots\" content=\"index, follow, max-snippet:-1, max-image-preview:large, max-video-preview:-1\" \/>\n<link rel=\"canonical\" href=\"https:\/\/xoraturikan.eus\/es\/servicios\/\" \/>\n<meta property=\"og:locale\" content=\"es_ES\" \/>\n<meta property=\"og:type\" content=\"article\" \/>\n<meta property=\"og:title\" content=\"Servicios y experiencias - Xoraturikan\" \/>\n<meta property=\"og:description\" content=\"Servicios Realizamos trabajos de asesor\u00eda, gabinete de prensa y periodismo, siendo la Comunicaci\u00f3n y la asesor\u00eda de marca la base de nuestros servicios. Entendemos la comunicaci\u00f3n como una herramienta global al servicio de los objetivos de empresas e instituciones. Hoy en d\u00eda la comunicaci\u00f3n tiene una importancia vital a la hora de alcanzar los objetivos [&hellip;]\" \/>\n<meta property=\"og:url\" content=\"https:\/\/xoraturikan.eus\/es\/servicios\/\" \/>\n<meta property=\"og:site_name\" content=\"Xoraturikan\" \/>\n<meta property=\"article:modified_time\" content=\"2025-12-15T12:47:55+00:00\" \/>\n<meta property=\"og:image\" content=\"https:\/\/xoraturikan.eus\/wp-content\/uploads\/2025\/12\/slider-img.jpg\" \/>\n\t<meta property=\"og:image:width\" content=\"1495\" \/>\n\t<meta property=\"og:image:height\" content=\"577\" \/>\n\t<meta property=\"og:image:type\" content=\"image\/jpeg\" \/>\n<meta name=\"twitter:card\" content=\"summary_large_image\" \/>\n<meta name=\"twitter:label1\" content=\"Tiempo de lectura\" \/>\n\t<meta name=\"twitter:data1\" content=\"1 minuto\" \/>\n<script type=\"application\/ld+json\" class=\"yoast-schema-graph\">{\"@context\":\"https:\/\/schema.org\",\"@graph\":[{\"@type\":\"WebPage\",\"@id\":\"https:\/\/xoraturikan.eus\/es\/servicios\/\",\"url\":\"https:\/\/xoraturikan.eus\/es\/servicios\/\",\"name\":\"Servicios y experiencias - Xoraturikan\",\"isPartOf\":{\"@id\":\"https:\/\/xoraturikan.eus\/es\/#website\"},\"primaryImageOfPage\":{\"@id\":\"https:\/\/xoraturikan.eus\/es\/servicios\/#primaryimage\"},\"image\":{\"@id\":\"https:\/\/xoraturikan.eus\/es\/servicios\/#primaryimage\"},\"thumbnailUrl\":\"https:\/\/xoraturikan.eus\/wp-content\/uploads\/2025\/12\/slider-img.jpg\",\"datePublished\":\"2025-12-04T12:04:44+00:00\",\"dateModified\":\"2025-12-15T12:47:55+00:00\",\"breadcrumb\":{\"@id\":\"https:\/\/xoraturikan.eus\/es\/servicios\/#breadcrumb\"},\"inLanguage\":\"es\",\"potentialAction\":[{\"@type\":\"ReadAction\",\"target\":[\"https:\/\/xoraturikan.eus\/es\/servicios\/\"]}]},{\"@type\":\"ImageObject\",\"inLanguage\":\"es\",\"@id\":\"https:\/\/xoraturikan.eus\/es\/servicios\/#primaryimage\",\"url\":\"https:\/\/xoraturikan.eus\/wp-content\/uploads\/2025\/12\/slider-img.jpg\",\"contentUrl\":\"https:\/\/xoraturikan.eus\/wp-content\/uploads\/2025\/12\/slider-img.jpg\",\"width\":1495,\"height\":577,\"caption\":\"Xoraturikan webguneako fondoko irudia\"},{\"@type\":\"BreadcrumbList\",\"@id\":\"https:\/\/xoraturikan.eus\/es\/servicios\/#breadcrumb\",\"itemListElement\":[{\"@type\":\"ListItem\",\"position\":1,\"name\":\"Home\",\"item\":\"https:\/\/xoraturikan.eus\/es\/\"},{\"@type\":\"ListItem\",\"position\":2,\"name\":\"Servicios y experiencias\"}]},{\"@type\":\"WebSite\",\"@id\":\"https:\/\/xoraturikan.eus\/es\/#website\",\"url\":\"https:\/\/xoraturikan.eus\/es\/\",\"name\":\"Xoraturikan\",\"description\":\"Komunikazioa eta marka aholkularitza dira gure zerbitzuen oinarria\",\"publisher\":{\"@id\":\"https:\/\/xoraturikan.eus\/es\/#organization\"},\"potentialAction\":[{\"@type\":\"SearchAction\",\"target\":{\"@type\":\"EntryPoint\",\"urlTemplate\":\"https:\/\/xoraturikan.eus\/es\/?s={search_term_string}\"},\"query-input\":{\"@type\":\"PropertyValueSpecification\",\"valueRequired\":true,\"valueName\":\"search_term_string\"}}],\"inLanguage\":\"es\"},{\"@type\":\"Organization\",\"@id\":\"https:\/\/xoraturikan.eus\/es\/#organization\",\"name\":\"Xoraturikan\",\"url\":\"https:\/\/xoraturikan.eus\/es\/\",\"logo\":{\"@type\":\"ImageObject\",\"inLanguage\":\"es\",\"@id\":\"https:\/\/xoraturikan.eus\/es\/#\/schema\/logo\/image\/\",\"url\":\"https:\/\/xoraturikan.eus\/wp-content\/uploads\/2025\/12\/xoraturikan-logo.png\",\"contentUrl\":\"https:\/\/xoraturikan.eus\/wp-content\/uploads\/2025\/12\/xoraturikan-logo.png\",\"width\":254,\"height\":32,\"caption\":\"Xoraturikan\"},\"image\":{\"@id\":\"https:\/\/xoraturikan.eus\/es\/#\/schema\/logo\/image\/\"}}]}<\/script>\n<!-- \/ Yoast SEO plugin. -->","yoast_head_json":{"title":"Servicios y experiencias - Xoraturikan","robots":{"index":"index","follow":"follow","max-snippet":"max-snippet:-1","max-image-preview":"max-image-preview:large","max-video-preview":"max-video-preview:-1"},"canonical":"https:\/\/xoraturikan.eus\/es\/servicios\/","og_locale":"es_ES","og_type":"article","og_title":"Servicios y experiencias - Xoraturikan","og_description":"Servicios Realizamos trabajos de asesor\u00eda, gabinete de prensa y periodismo, siendo la Comunicaci\u00f3n y la asesor\u00eda de marca la base de nuestros servicios. Entendemos la comunicaci\u00f3n como una herramienta global al servicio de los objetivos de empresas e instituciones. Hoy en d\u00eda la comunicaci\u00f3n tiene una importancia vital a la hora de alcanzar los objetivos [&hellip;]","og_url":"https:\/\/xoraturikan.eus\/es\/servicios\/","og_site_name":"Xoraturikan","article_modified_time":"2025-12-15T12:47:55+00:00","og_image":[{"width":1495,"height":577,"url":"https:\/\/xoraturikan.eus\/wp-content\/uploads\/2025\/12\/slider-img.jpg","type":"image\/jpeg"}],"twitter_card":"summary_large_image","twitter_misc":{"Tiempo de lectura":"1 minuto"},"schema":{"@context":"https:\/\/schema.org","@graph":[{"@type":"WebPage","@id":"https:\/\/xoraturikan.eus\/es\/servicios\/","url":"https:\/\/xoraturikan.eus\/es\/servicios\/","name":"Servicios y experiencias - Xoraturikan","isPartOf":{"@id":"https:\/\/xoraturikan.eus\/es\/#website"},"primaryImageOfPage":{"@id":"https:\/\/xoraturikan.eus\/es\/servicios\/#primaryimage"},"image":{"@id":"https:\/\/xoraturikan.eus\/es\/servicios\/#primaryimage"},"thumbnailUrl":"https:\/\/xoraturikan.eus\/wp-content\/uploads\/2025\/12\/slider-img.jpg","datePublished":"2025-12-04T12:04:44+00:00","dateModified":"2025-12-15T12:47:55+00:00","breadcrumb":{"@id":"https:\/\/xoraturikan.eus\/es\/servicios\/#breadcrumb"},"inLanguage":"es","potentialAction":[{"@type":"ReadAction","target":["https:\/\/xoraturikan.eus\/es\/servicios\/"]}]},{"@type":"ImageObject","inLanguage":"es","@id":"https:\/\/xoraturikan.eus\/es\/servicios\/#primaryimage","url":"https:\/\/xoraturikan.eus\/wp-content\/uploads\/2025\/12\/slider-img.jpg","contentUrl":"https:\/\/xoraturikan.eus\/wp-content\/uploads\/2025\/12\/slider-img.jpg","width":1495,"height":577,"caption":"Xoraturikan webguneako fondoko irudia"},{"@type":"BreadcrumbList","@id":"https:\/\/xoraturikan.eus\/es\/servicios\/#breadcrumb","itemListElement":[{"@type":"ListItem","position":1,"name":"Home","item":"https:\/\/xoraturikan.eus\/es\/"},{"@type":"ListItem","position":2,"name":"Servicios y experiencias"}]},{"@type":"WebSite","@id":"https:\/\/xoraturikan.eus\/es\/#website","url":"https:\/\/xoraturikan.eus\/es\/","name":"Xoraturikan","description":"Komunikazioa eta marka aholkularitza dira gure zerbitzuen oinarria","publisher":{"@id":"https:\/\/xoraturikan.eus\/es\/#organization"},"potentialAction":[{"@type":"SearchAction","target":{"@type":"EntryPoint","urlTemplate":"https:\/\/xoraturikan.eus\/es\/?s={search_term_string}"},"query-input":{"@type":"PropertyValueSpecification","valueRequired":true,"valueName":"search_term_string"}}],"inLanguage":"es"},{"@type":"Organization","@id":"https:\/\/xoraturikan.eus\/es\/#organization","name":"Xoraturikan","url":"https:\/\/xoraturikan.eus\/es\/","logo":{"@type":"ImageObject","inLanguage":"es","@id":"https:\/\/xoraturikan.eus\/es\/#\/schema\/logo\/image\/","url":"https:\/\/xoraturikan.eus\/wp-content\/uploads\/2025\/12\/xoraturikan-logo.png","contentUrl":"https:\/\/xoraturikan.eus\/wp-content\/uploads\/2025\/12\/xoraturikan-logo.png","width":254,"height":32,"caption":"Xoraturikan"},"image":{"@id":"https:\/\/xoraturikan.eus\/es\/#\/schema\/logo\/image\/"}}]}},"_links":{"self":[{"href":"https:\/\/xoraturikan.eus\/es\/wp-json\/wp\/v2\/pages\/96","targetHints":{"allow":["GET"]}}],"collection":[{"href":"https:\/\/xoraturikan.eus\/es\/wp-json\/wp\/v2\/pages"}],"about":[{"href":"https:\/\/xoraturikan.eus\/es\/wp-json\/wp\/v2\/types\/page"}],"author":[{"embeddable":true,"href":"https:\/\/xoraturikan.eus\/es\/wp-json\/wp\/v2\/users\/1"}],"replies":[{"embeddable":true,"href":"https:\/\/xoraturikan.eus\/es\/wp-json\/wp\/v2\/comments?post=96"}],"version-history":[{"count":3,"href":"https:\/\/xoraturikan.eus\/es\/wp-json\/wp\/v2\/pages\/96\/revisions"}],"predecessor-version":[{"id":103,"href":"https:\/\/xoraturikan.eus\/es\/wp-json\/wp\/v2\/pages\/96\/revisions\/103"}],"wp:featuredmedia":[{"embeddable":true,"href":"https:\/\/xoraturikan.eus\/es\/wp-json\/wp\/v2\/media\/97"}],"wp:attachment":[{"href":"https:\/\/xoraturikan.eus\/es\/wp-json\/wp\/v2\/media?parent=96"}],"curies":[{"name":"wp","href":"https:\/\/api.w.org\/{rel}","templated":true}]}}