{"id":150,"date":"2025-12-17T11:08:32","date_gmt":"2025-12-17T09:08:32","guid":{"rendered":"https:\/\/xoraturikan.eus\/cookie-politika\/"},"modified":"2025-12-17T11:40:42","modified_gmt":"2025-12-17T09:40:42","slug":"politica-de-cookies","status":"publish","type":"page","link":"https:\/\/xoraturikan.eus\/es\/politica-de-cookies\/","title":{"rendered":"Pol\u00edtica de Cookies"},"content":{"rendered":"\n<p>Cookie es un fichero que se descarga en su ordenador al acceder a determinadas p\u00e1ginas web. Las cookies permiten a una p\u00e1gina web, entre otras cosas, almacenar y recuperar informaci\u00f3n sobre los h\u00e1bitos de navegaci\u00f3n de un usuario o de su equipo y, dependiendo de la informaci\u00f3n que contengan y de la forma en que utilice su equipo, pueden utilizarse para reconocer al usuario. El navegador del usuario memoriza cookies en el disco duro solamente durante la sesi\u00f3n actual ocupando un espacio de memoria m\u00ednimo y no perjudicando al ordenador. Las cookies no contienen ninguna clase de informaci\u00f3n personal espec\u00edfica, y la mayor\u00eda de las mismas se borran del disco duro al finalizar la sesi\u00f3n de navegador (las denominadas cookies de sesi\u00f3n).<\/p>\n\n\n\n<p>La mayor\u00eda de los navegadores aceptan como est\u00e1ndar a las cookies y, con independencia de las mismas, permiten o impiden en los ajustes de seguridad las cookies temporales o memorizadas.<\/p>\n\n\n\n<p><strong>Las cookies que utilizamos en nuestra web<\/strong><\/p>\n\n\n\n<p>Utilizamos estas cookies:<\/p>\n\n\n<p>[wcc_category_list]<\/p>\n\n\n\n<p><strong>Gestionar las preferencias de cookies<\/strong><\/p>\n\n\n\n<p>Puedes cambiar tus preferencias de cookies en cualquier momento haciendo clic en el bot\u00f3n&nbsp;<a><\/a>Preferencias de consentimiento. Esto te permitir\u00e1 volver a visitar el banner de consentimiento de cookies y cambiar tus preferencias o retirar tu consentimiento de inmediato. Adem\u00e1s, los diferentes navegadores ofrecen diferentes m\u00e9todos para bloquear y eliminar las cookies utilizadas por los sitios web. Puedes cambiar la configuraci\u00f3n de tu navegador para bloquear\/ eliminar las cookies. A continuaci\u00f3n se enumeran los enlaces a los documentos de apoyo sobre c\u00f3mo gestionar y eliminar las cookies de los principales navegadores web.<\/p>\n\n\n\n<p>Chrome: <a href=\"https:\/\/support.google.com\/accounts\/answer\/32050\">https:\/\/support.google.com\/accounts\/answer\/32050<\/a><br>Safari: <a href=\"https:\/\/support.apple.com\/en-in\/guide\/safari\/sfri11471\/mac\">https:\/\/support.apple.com\/en-in\/guide\/safari\/sfri11471\/mac<\/a><br>Firefox: <a href=\"https:\/\/support.mozilla.org\/en-US\/kb\/clear-cookies-and-site-data-firefox?redirectslug=delete-cookies-remove-info-websites-stored&amp;redirectlocale=en-US\">https:\/\/support.mozilla.org\/en-US\/kb\/clear-cookies-and-site-data-firefox?redirectslug=delete-cookies-remove-info-websites-stored&amp;redirectlocale=en-US<\/a><br>Microsoft Edge: <a href=\"https:\/\/support.microsoft.com\/en-us\/microsoft-edge\/delete-cookies-in-microsoft-edge-63947406-40ac-c3b8-57b9-2a946a29ae09\">Delete cookies in Microsoft Edge &#8211; Microsoft Support<\/a><\/p>\n\n\n\n<p>Si est\u00e1s utilizando cualquier otro navegador web, por favor visita los documentos de soporte oficial de tu navegador.<\/p>\n","protected":false},"excerpt":{"rendered":"<p>Cookie es un fichero que se descarga en su ordenador al acceder a determinadas p\u00e1ginas web. Las cookies permiten a una p\u00e1gina web, entre otras cosas, almacenar y recuperar informaci\u00f3n sobre los h\u00e1bitos de navegaci\u00f3n de un usuario o de su equipo y, dependiendo de la informaci\u00f3n que contengan y de la forma en que [&hellip;]<\/p>\n","protected":false},"author":1,"featured_media":0,"parent":0,"menu_order":0,"comment_status":"closed","ping_status":"closed","template":"","meta":{"_acf_changed":false,"footnotes":""},"class_list":["post-150","page","type-page","status-publish","hentry"],"acf":[],"yoast_head":"<!-- This site is optimized with the Yoast SEO plugin v27.0 - https:\/\/yoast.com\/product\/yoast-seo-wordpress\/ -->\n<title>Pol\u00edtica de Cookies - Xoraturikan<\/title>\n<meta name=\"robots\" content=\"noindex, nofollow\" \/>\n<meta property=\"og:locale\" content=\"es_ES\" \/>\n<meta property=\"og:type\" content=\"article\" \/>\n<meta property=\"og:title\" content=\"Pol\u00edtica de Cookies - Xoraturikan\" \/>\n<meta property=\"og:description\" content=\"Cookie es un fichero que se descarga en su ordenador al acceder a determinadas p\u00e1ginas web. Las cookies permiten a una p\u00e1gina web, entre otras cosas, almacenar y recuperar informaci\u00f3n sobre los h\u00e1bitos de navegaci\u00f3n de un usuario o de su equipo y, dependiendo de la informaci\u00f3n que contengan y de la forma en que [&hellip;]\" \/>\n<meta property=\"og:url\" content=\"https:\/\/xoraturikan.eus\/es\/politica-de-cookies\/\" \/>\n<meta property=\"og:site_name\" content=\"Xoraturikan\" \/>\n<meta property=\"article:modified_time\" content=\"2025-12-17T09:40:42+00:00\" \/>\n<meta name=\"twitter:card\" content=\"summary_large_image\" \/>\n<meta name=\"twitter:label1\" content=\"Tiempo de lectura\" \/>\n\t<meta name=\"twitter:data1\" content=\"2 minutos\" \/>\n<script type=\"application\/ld+json\" class=\"yoast-schema-graph\">{\"@context\":\"https:\/\/schema.org\",\"@graph\":[{\"@type\":\"WebPage\",\"@id\":\"https:\/\/xoraturikan.eus\/es\/politica-de-cookies\/\",\"url\":\"https:\/\/xoraturikan.eus\/es\/politica-de-cookies\/\",\"name\":\"Pol\u00edtica de Cookies - Xoraturikan\",\"isPartOf\":{\"@id\":\"https:\/\/xoraturikan.eus\/es\/#website\"},\"datePublished\":\"2025-12-17T09:08:32+00:00\",\"dateModified\":\"2025-12-17T09:40:42+00:00\",\"breadcrumb\":{\"@id\":\"https:\/\/xoraturikan.eus\/es\/politica-de-cookies\/#breadcrumb\"},\"inLanguage\":\"es\",\"potentialAction\":[{\"@type\":\"ReadAction\",\"target\":[\"https:\/\/xoraturikan.eus\/es\/politica-de-cookies\/\"]}]},{\"@type\":\"BreadcrumbList\",\"@id\":\"https:\/\/xoraturikan.eus\/es\/politica-de-cookies\/#breadcrumb\",\"itemListElement\":[{\"@type\":\"ListItem\",\"position\":1,\"name\":\"Home\",\"item\":\"https:\/\/xoraturikan.eus\/es\/\"},{\"@type\":\"ListItem\",\"position\":2,\"name\":\"Pol\u00edtica de Cookies\"}]},{\"@type\":\"WebSite\",\"@id\":\"https:\/\/xoraturikan.eus\/es\/#website\",\"url\":\"https:\/\/xoraturikan.eus\/es\/\",\"name\":\"Xoraturikan\",\"description\":\"Komunikazioa eta marka aholkularitza dira gure zerbitzuen oinarria\",\"publisher\":{\"@id\":\"https:\/\/xoraturikan.eus\/es\/#organization\"},\"potentialAction\":[{\"@type\":\"SearchAction\",\"target\":{\"@type\":\"EntryPoint\",\"urlTemplate\":\"https:\/\/xoraturikan.eus\/es\/?s={search_term_string}\"},\"query-input\":{\"@type\":\"PropertyValueSpecification\",\"valueRequired\":true,\"valueName\":\"search_term_string\"}}],\"inLanguage\":\"es\"},{\"@type\":\"Organization\",\"@id\":\"https:\/\/xoraturikan.eus\/es\/#organization\",\"name\":\"Xoraturikan\",\"url\":\"https:\/\/xoraturikan.eus\/es\/\",\"logo\":{\"@type\":\"ImageObject\",\"inLanguage\":\"es\",\"@id\":\"https:\/\/xoraturikan.eus\/es\/#\/schema\/logo\/image\/\",\"url\":\"https:\/\/xoraturikan.eus\/wp-content\/uploads\/2025\/12\/xoraturikan-logo.png\",\"contentUrl\":\"https:\/\/xoraturikan.eus\/wp-content\/uploads\/2025\/12\/xoraturikan-logo.png\",\"width\":254,\"height\":32,\"caption\":\"Xoraturikan\"},\"image\":{\"@id\":\"https:\/\/xoraturikan.eus\/es\/#\/schema\/logo\/image\/\"}}]}<\/script>\n<!-- \/ Yoast SEO plugin. -->","yoast_head_json":{"title":"Pol\u00edtica de Cookies - Xoraturikan","robots":{"index":"noindex","follow":"nofollow"},"og_locale":"es_ES","og_type":"article","og_title":"Pol\u00edtica de Cookies - Xoraturikan","og_description":"Cookie es un fichero que se descarga en su ordenador al acceder a determinadas p\u00e1ginas web. Las cookies permiten a una p\u00e1gina web, entre otras cosas, almacenar y recuperar informaci\u00f3n sobre los h\u00e1bitos de navegaci\u00f3n de un usuario o de su equipo y, dependiendo de la informaci\u00f3n que contengan y de la forma en que [&hellip;]","og_url":"https:\/\/xoraturikan.eus\/es\/politica-de-cookies\/","og_site_name":"Xoraturikan","article_modified_time":"2025-12-17T09:40:42+00:00","twitter_card":"summary_large_image","twitter_misc":{"Tiempo de lectura":"2 minutos"},"schema":{"@context":"https:\/\/schema.org","@graph":[{"@type":"WebPage","@id":"https:\/\/xoraturikan.eus\/es\/politica-de-cookies\/","url":"https:\/\/xoraturikan.eus\/es\/politica-de-cookies\/","name":"Pol\u00edtica de Cookies - Xoraturikan","isPartOf":{"@id":"https:\/\/xoraturikan.eus\/es\/#website"},"datePublished":"2025-12-17T09:08:32+00:00","dateModified":"2025-12-17T09:40:42+00:00","breadcrumb":{"@id":"https:\/\/xoraturikan.eus\/es\/politica-de-cookies\/#breadcrumb"},"inLanguage":"es","potentialAction":[{"@type":"ReadAction","target":["https:\/\/xoraturikan.eus\/es\/politica-de-cookies\/"]}]},{"@type":"BreadcrumbList","@id":"https:\/\/xoraturikan.eus\/es\/politica-de-cookies\/#breadcrumb","itemListElement":[{"@type":"ListItem","position":1,"name":"Home","item":"https:\/\/xoraturikan.eus\/es\/"},{"@type":"ListItem","position":2,"name":"Pol\u00edtica de Cookies"}]},{"@type":"WebSite","@id":"https:\/\/xoraturikan.eus\/es\/#website","url":"https:\/\/xoraturikan.eus\/es\/","name":"Xoraturikan","description":"Komunikazioa eta marka aholkularitza dira gure zerbitzuen oinarria","publisher":{"@id":"https:\/\/xoraturikan.eus\/es\/#organization"},"potentialAction":[{"@type":"SearchAction","target":{"@type":"EntryPoint","urlTemplate":"https:\/\/xoraturikan.eus\/es\/?s={search_term_string}"},"query-input":{"@type":"PropertyValueSpecification","valueRequired":true,"valueName":"search_term_string"}}],"inLanguage":"es"},{"@type":"Organization","@id":"https:\/\/xoraturikan.eus\/es\/#organization","name":"Xoraturikan","url":"https:\/\/xoraturikan.eus\/es\/","logo":{"@type":"ImageObject","inLanguage":"es","@id":"https:\/\/xoraturikan.eus\/es\/#\/schema\/logo\/image\/","url":"https:\/\/xoraturikan.eus\/wp-content\/uploads\/2025\/12\/xoraturikan-logo.png","contentUrl":"https:\/\/xoraturikan.eus\/wp-content\/uploads\/2025\/12\/xoraturikan-logo.png","width":254,"height":32,"caption":"Xoraturikan"},"image":{"@id":"https:\/\/xoraturikan.eus\/es\/#\/schema\/logo\/image\/"}}]}},"_links":{"self":[{"href":"https:\/\/xoraturikan.eus\/es\/wp-json\/wp\/v2\/pages\/150","targetHints":{"allow":["GET"]}}],"collection":[{"href":"https:\/\/xoraturikan.eus\/es\/wp-json\/wp\/v2\/pages"}],"about":[{"href":"https:\/\/xoraturikan.eus\/es\/wp-json\/wp\/v2\/types\/page"}],"author":[{"embeddable":true,"href":"https:\/\/xoraturikan.eus\/es\/wp-json\/wp\/v2\/users\/1"}],"replies":[{"embeddable":true,"href":"https:\/\/xoraturikan.eus\/es\/wp-json\/wp\/v2\/comments?post=150"}],"version-history":[{"count":3,"href":"https:\/\/xoraturikan.eus\/es\/wp-json\/wp\/v2\/pages\/150\/revisions"}],"predecessor-version":[{"id":156,"href":"https:\/\/xoraturikan.eus\/es\/wp-json\/wp\/v2\/pages\/150\/revisions\/156"}],"wp:attachment":[{"href":"https:\/\/xoraturikan.eus\/es\/wp-json\/wp\/v2\/media?parent=150"}],"curies":[{"name":"wp","href":"https:\/\/api.w.org\/{rel}","templated":true}]}}